{"id":79,"date":"2025-07-14T17:08:04","date_gmt":"2025-07-14T17:08:04","guid":{"rendered":"https:\/\/aerocardal.com\/pasajes\/index.php\/product\/vintage-typewriter\/"},"modified":"2026-03-29T16:51:41","modified_gmt":"2026-03-29T19:51:41","slug":"santiago-a-juan-fernandez","status":"publish","type":"product","link":"https:\/\/aerocardal.com\/pasajes\/pasaje\/santiago-a-juan-fernandez\/","title":{"rendered":"Santiago a Isla Juan Fern\u00e1ndez &#8211; Tarifa One Way"},"content":{"rendered":"[vc_row type=\u00bbin_container\u00bb full_screen_row_position=\u00bbmiddle\u00bb column_margin=\u00bbdefault\u00bb column_direction=\u00bbdefault\u00bb column_direction_tablet=\u00bbdefault\u00bb column_direction_phone=\u00bbdefault\u00bb scene_position=\u00bbcenter\u00bb text_color=\u00bbdark\u00bb text_align=\u00bbleft\u00bb row_border_radius=\u00bbnone\u00bb row_border_radius_applies=\u00bbbg\u00bb overflow=\u00bbvisible\u00bb overlay_strength=\u00bb0.3&#8243; gradient_direction=\u00bbleft_to_right\u00bb shape_divider_position=\u00bbbottom\u00bb bg_image_animation=\u00bbnone\u00bb][vc_column column_padding=\u00bbno-extra-padding\u00bb column_padding_tablet=\u00bbinherit\u00bb column_padding_phone=\u00bbinherit\u00bb column_padding_position=\u00bball\u00bb column_element_direction_desktop=\u00bbdefault\u00bb column_element_spacing=\u00bbdefault\u00bb desktop_text_alignment=\u00bbdefault\u00bb tablet_text_alignment=\u00bbdefault\u00bb phone_text_alignment=\u00bbdefault\u00bb background_color_opacity=\u00bb1&#8243; background_hover_color_opacity=\u00bb1&#8243; column_backdrop_filter=\u00bbnone\u00bb column_shadow=\u00bbnone\u00bb column_border_radius=\u00bbnone\u00bb column_link_target=\u00bb_self\u00bb column_position=\u00bbdefault\u00bb gradient_direction=\u00bbleft_to_right\u00bb overlay_strength=\u00bb0.3&#8243; width=\u00bb1\/1&#8243; tablet_width_inherit=\u00bbdefault\u00bb animation_type=\u00bbdefault\u00bb bg_image_animation=\u00bbnone\u00bb border_type=\u00bbsimple\u00bb column_border_width=\u00bbnone\u00bb column_border_style=\u00bbsolid\u00bb][vc_custom_heading text=\u00bb<b>Viaja al coraz\u00f3n del Archipi\u00e9lago con Aerocardal<\/b>\u00bb font_container=\u00bbtag:h2|font_size:30px|text_align:center|color:%23003b7c|line_height:40px\u00bb use_theme_fonts=\u00bbyes\u00bb css=\u00bb.vc_custom_1752694642790{margin-bottom: 30px !important;}\u00bb][vc_column_text]\n<p style=\"text-align: center;\"><strong>Santiago, capital de Chile, es una ciudad vibrante que combina modernidad y tradici\u00f3n, rodeada de imponentes monta\u00f1as y con una variada oferta cultural, gastron\u00f3mica y comercial.<\/strong><\/p>\n<p style=\"text-align: center;\"><strong>Desde aqu\u00ed comienza tu viaje hacia el Archipi\u00e9lago Juan Fern\u00e1ndez, un destino \u00fanico por su biodiversidad y belleza natural. Con Aerocardal, disfruta de vuelos directos que te conectan con la isla de manera c\u00f3moda, segura y eficiente.<\/strong><\/p>\n<p style=\"text-align: center;\"><strong>La tarifa incluye asiento y equipaje est\u00e1ndar, con la opci\u00f3n de agregar equipaje adicional seg\u00fan tus necesidades.<\/strong><\/p>\n<p style=\"text-align: center;\"><strong><br \/>\nSi no encuentras una fecha disponible que se ajuste a tu itinerario, cont\u00e1ctanos y te ayudaremos a gestionar alternativas.<\/strong><\/p>\n[\/vc_column_text][\/vc_column][\/vc_row][vc_row type=\u00bbin_container\u00bb full_screen_row_position=\u00bbmiddle\u00bb column_margin=\u00bbdefault\u00bb column_direction=\u00bbdefault\u00bb column_direction_tablet=\u00bbdefault\u00bb column_direction_phone=\u00bbdefault\u00bb scene_position=\u00bbcenter\u00bb text_color=\u00bbdark\u00bb text_align=\u00bbleft\u00bb row_border_radius=\u00bb5px\u00bb row_border_radius_applies=\u00bbbg\u00bb overflow=\u00bbvisible\u00bb overlay_strength=\u00bb0.3&#8243; gradient_direction=\u00bbleft_to_right\u00bb shape_divider_position=\u00bbbottom\u00bb bg_image_animation=\u00bbnone\u00bb gradient_type=\u00bbdefault\u00bb shape_type=\u00bb\u00bb][vc_column column_padding=\u00bbno-extra-padding\u00bb column_padding_tablet=\u00bbinherit\u00bb column_padding_phone=\u00bbinherit\u00bb column_padding_position=\u00bball\u00bb column_element_direction_desktop=\u00bbdefault\u00bb column_element_spacing=\u00bbdefault\u00bb desktop_text_alignment=\u00bbdefault\u00bb tablet_text_alignment=\u00bbdefault\u00bb phone_text_alignment=\u00bbdefault\u00bb background_color_opacity=\u00bb1&#8243; background_hover_color_opacity=\u00bb1&#8243; column_backdrop_filter=\u00bbnone\u00bb column_shadow=\u00bbnone\u00bb column_border_radius=\u00bbnone\u00bb column_link_target=\u00bb_self\u00bb column_position=\u00bbdefault\u00bb gradient_direction=\u00bbleft_to_right\u00bb overlay_strength=\u00bb0.3&#8243; width=\u00bb1\/2&#8243; tablet_width_inherit=\u00bbdefault\u00bb animation_type=\u00bbdefault\u00bb bg_image_animation=\u00bbnone\u00bb border_type=\u00bbsimple\u00bb column_border_width=\u00bbnone\u00bb column_border_style=\u00bbsolid\u00bb column_padding_type=\u00bbdefault\u00bb gradient_type=\u00bbdefault\u00bb][vc_video link=\u00bbhttps:\/\/www.youtube.com\/watch?v=usoLPPPhLvE\u00bb css=\u00bb.vc_custom_1752693759678{border-radius: 5px !important;}\u00bb][\/vc_column][vc_column column_padding=\u00bbno-extra-padding\u00bb column_padding_tablet=\u00bbinherit\u00bb column_padding_phone=\u00bbinherit\u00bb column_padding_position=\u00bball\u00bb column_element_direction_desktop=\u00bbdefault\u00bb column_element_spacing=\u00bbdefault\u00bb desktop_text_alignment=\u00bbdefault\u00bb tablet_text_alignment=\u00bbdefault\u00bb phone_text_alignment=\u00bbdefault\u00bb background_color_opacity=\u00bb1&#8243; background_hover_color_opacity=\u00bb1&#8243; column_backdrop_filter=\u00bbnone\u00bb column_shadow=\u00bbnone\u00bb column_border_radius=\u00bbnone\u00bb column_link_target=\u00bb_self\u00bb column_position=\u00bbdefault\u00bb gradient_direction=\u00bbleft_to_right\u00bb overlay_strength=\u00bb0.3&#8243; width=\u00bb1\/2&#8243; tablet_width_inherit=\u00bbdefault\u00bb animation_type=\u00bbdefault\u00bb bg_image_animation=\u00bbnone\u00bb border_type=\u00bbsimple\u00bb column_border_width=\u00bbnone\u00bb column_border_style=\u00bbsolid\u00bb][vc_video link=\u00bbhttps:\/\/www.youtube.com\/watch?v=pzCrJjhFgz8&#8243; css=\u00bb.vc_custom_1752693824804{border-radius: 5px !important;}\u00bb][\/vc_column][\/vc_row]\n","protected":false},"excerpt":{"rendered":"<p><span style=\"font-weight: 400;\">Tarifa One Way desde Santiago a Juan Fern\u00e1ndez. El valor incluye asiento y equipaje est\u00e1ndar. Consulte por opciones de equipaje adicional.<\/span><\/p>\n","protected":false},"featured_media":368,"template":"","meta":[],"product_brand":[],"product_cat":[21],"product_tag":[],"class_list":{"0":"post-79","1":"product","2":"type-product","3":"status-publish","4":"has-post-thumbnail","6":"product_cat-pasaje","8":"first","9":"instock","10":"taxable","11":"shipping-taxable","12":"purchasable","13":"product-type-variable"},"_links":{"self":[{"href":"https:\/\/aerocardal.com\/pasajes\/wp-json\/wp\/v2\/product\/79","targetHints":{"allow":["GET"]}}],"collection":[{"href":"https:\/\/aerocardal.com\/pasajes\/wp-json\/wp\/v2\/product"}],"about":[{"href":"https:\/\/aerocardal.com\/pasajes\/wp-json\/wp\/v2\/types\/product"}],"wp:featuredmedia":[{"embeddable":true,"href":"https:\/\/aerocardal.com\/pasajes\/wp-json\/wp\/v2\/media\/368"}],"wp:attachment":[{"href":"https:\/\/aerocardal.com\/pasajes\/wp-json\/wp\/v2\/media?parent=79"}],"wp:term":[{"taxonomy":"product_brand","embeddable":true,"href":"https:\/\/aerocardal.com\/pasajes\/wp-json\/wp\/v2\/product_brand?post=79"},{"taxonomy":"product_cat","embeddable":true,"href":"https:\/\/aerocardal.com\/pasajes\/wp-json\/wp\/v2\/product_cat?post=79"},{"taxonomy":"product_tag","embeddable":true,"href":"https:\/\/aerocardal.com\/pasajes\/wp-json\/wp\/v2\/product_tag?post=79"}],"curies":[{"name":"wp","href":"https:\/\/api.w.org\/{rel}","templated":true}]}}