{"id":159,"date":"2025-07-13T20:40:18","date_gmt":"2025-07-13T20:40:18","guid":{"rendered":"https:\/\/aerocardal.com\/pasajes\/?post_type=product&#038;p=159"},"modified":"2026-03-29T16:51:40","modified_gmt":"2026-03-29T19:51:40","slug":"isla-juan-fernandez-a-santiago","status":"publish","type":"product","link":"https:\/\/aerocardal.com\/pasajes\/pasaje\/isla-juan-fernandez-a-santiago\/","title":{"rendered":"Isla Juan Fern\u00e1ndez a Santiago &#8211; Tarifa One Way"},"content":{"rendered":"[vc_row type=\u00bbin_container\u00bb full_screen_row_position=\u00bbmiddle\u00bb column_margin=\u00bbdefault\u00bb column_direction=\u00bbdefault\u00bb column_direction_tablet=\u00bbdefault\u00bb column_direction_phone=\u00bbdefault\u00bb scene_position=\u00bbcenter\u00bb text_color=\u00bbdark\u00bb text_align=\u00bbleft\u00bb row_border_radius=\u00bbnone\u00bb row_border_radius_applies=\u00bbbg\u00bb overflow=\u00bbvisible\u00bb overlay_strength=\u00bb0.3&#8243; gradient_direction=\u00bbleft_to_right\u00bb shape_divider_position=\u00bbbottom\u00bb bg_image_animation=\u00bbnone\u00bb][vc_column column_padding=\u00bbno-extra-padding\u00bb column_padding_tablet=\u00bbinherit\u00bb column_padding_phone=\u00bbinherit\u00bb column_padding_position=\u00bball\u00bb column_element_direction_desktop=\u00bbdefault\u00bb column_element_spacing=\u00bbdefault\u00bb desktop_text_alignment=\u00bbdefault\u00bb tablet_text_alignment=\u00bbdefault\u00bb phone_text_alignment=\u00bbdefault\u00bb background_color_opacity=\u00bb1&#8243; background_hover_color_opacity=\u00bb1&#8243; column_backdrop_filter=\u00bbnone\u00bb column_shadow=\u00bbnone\u00bb column_border_radius=\u00bbnone\u00bb column_link_target=\u00bb_self\u00bb column_position=\u00bbdefault\u00bb gradient_direction=\u00bbleft_to_right\u00bb overlay_strength=\u00bb0.3&#8243; width=\u00bb1\/1&#8243; tablet_width_inherit=\u00bbdefault\u00bb animation_type=\u00bbdefault\u00bb bg_image_animation=\u00bbnone\u00bb border_type=\u00bbsimple\u00bb column_border_width=\u00bbnone\u00bb column_border_style=\u00bbsolid\u00bb][vc_column_text]\n<p style=\"text-align: center;\"><strong>Regresa desde el m\u00e1gico Archipi\u00e9lago Juan Fern\u00e1ndez, reconocido por sus paisajes naturales, su rica biodiversidad y la calidez de su comunidad local.<\/strong><\/p>\n<p style=\"text-align: center;\"><strong>Aerocardal te conecta de manera directa con Santiago, facilitando tu regreso a la capital en un vuelo seguro y confortable. All\u00ed podr\u00e1s reconectarte con la vida urbana, disfrutar de su amplia oferta cultural y aprovechar su red de conexiones nacionales e internacionales.<\/strong><\/p>\n<p style=\"text-align: center;\"><strong>El pasaje incluye asiento y equipaje est\u00e1ndar, con la opci\u00f3n de adquirir equipaje adicional si lo requieres.<br \/>\nEn caso de no encontrar una fecha disponible que se ajuste a tu itinerario, nuestro equipo estar\u00e1 disponible para orientarte en la b\u00fasqueda de alternativas.<\/strong><\/p>\n[\/vc_column_text][\/vc_column][\/vc_row]\n","protected":false},"excerpt":{"rendered":"<p>Tarifa One Way desde Juan Fern\u00e1ndez a Santiago. El valor incluye asiento y equipaje est\u00e1ndar. Consulte por opciones de equipaje adicional.<\/p>\n","protected":false},"featured_media":367,"template":"","meta":[],"product_brand":[],"product_cat":[21],"product_tag":[],"class_list":{"0":"post-159","1":"product","2":"type-product","3":"status-publish","4":"has-post-thumbnail","6":"product_cat-pasaje","8":"first","9":"instock","10":"taxable","11":"shipping-taxable","12":"purchasable","13":"product-type-variable"},"_links":{"self":[{"href":"https:\/\/aerocardal.com\/pasajes\/wp-json\/wp\/v2\/product\/159","targetHints":{"allow":["GET"]}}],"collection":[{"href":"https:\/\/aerocardal.com\/pasajes\/wp-json\/wp\/v2\/product"}],"about":[{"href":"https:\/\/aerocardal.com\/pasajes\/wp-json\/wp\/v2\/types\/product"}],"wp:featuredmedia":[{"embeddable":true,"href":"https:\/\/aerocardal.com\/pasajes\/wp-json\/wp\/v2\/media\/367"}],"wp:attachment":[{"href":"https:\/\/aerocardal.com\/pasajes\/wp-json\/wp\/v2\/media?parent=159"}],"wp:term":[{"taxonomy":"product_brand","embeddable":true,"href":"https:\/\/aerocardal.com\/pasajes\/wp-json\/wp\/v2\/product_brand?post=159"},{"taxonomy":"product_cat","embeddable":true,"href":"https:\/\/aerocardal.com\/pasajes\/wp-json\/wp\/v2\/product_cat?post=159"},{"taxonomy":"product_tag","embeddable":true,"href":"https:\/\/aerocardal.com\/pasajes\/wp-json\/wp\/v2\/product_tag?post=159"}],"curies":[{"name":"wp","href":"https:\/\/api.w.org\/{rel}","templated":true}]}}